{"id":2751,"date":"2024-12-13T21:44:28","date_gmt":"2024-12-13T21:44:28","guid":{"rendered":"https:\/\/www.nachtfuchs-design.de\/?page_id=2751"},"modified":"2024-12-13T21:45:12","modified_gmt":"2024-12-13T21:45:12","slug":"agb","status":"publish","type":"page","link":"https:\/\/www.nachtfuchs-design.de\/en\/agb\/","title":{"rendered":"AGB"},"content":{"rendered":"<div data-elementor-type=\"wp-page\" data-elementor-id=\"2751\" class=\"elementor elementor-2751\" data-elementor-post-type=\"page\">\n\t\t\t\t\t\t<section class=\"elementor-section elementor-top-section elementor-element elementor-element-89950a3 elementor-section-boxed elementor-section-height-default elementor-section-height-default\" data-id=\"89950a3\" data-element_type=\"section\">\n\t\t\t\t\t\t<div class=\"elementor-container elementor-column-gap-default\">\n\t\t\t\t\t<div class=\"elementor-column elementor-col-100 elementor-top-column elementor-element elementor-element-3db585c\" data-id=\"3db585c\" data-element_type=\"column\">\n\t\t\t<div class=\"elementor-widget-wrap elementor-element-populated\">\n\t\t\t\t\t\t<div class=\"elementor-element elementor-element-4556df1 elementor-widget elementor-widget-heading\" data-id=\"4556df1\" data-element_type=\"widget\" data-widget_type=\"heading.default\">\n\t\t\t\t<div class=\"elementor-widget-container\">\n\t\t\t<style>\/*! elementor - v3.21.0 - 25-04-2024 *\/\n.elementor-heading-title{padding:0;margin:0;line-height:1}.elementor-widget-heading .elementor-heading-title[class*=elementor-size-]>a{color:inherit;font-size:inherit;line-height:inherit}.elementor-widget-heading .elementor-heading-title.elementor-size-small{font-size:15px}.elementor-widget-heading .elementor-heading-title.elementor-size-medium{font-size:19px}.elementor-widget-heading .elementor-heading-title.elementor-size-large{font-size:29px}.elementor-widget-heading .elementor-heading-title.elementor-size-xl{font-size:39px}.elementor-widget-heading .elementor-heading-title.elementor-size-xxl{font-size:59px}<\/style><h2 class=\"elementor-heading-title elementor-size-default\">AGB<\/h2>\t\t<\/div>\n\t\t\t\t<\/div>\n\t\t\t\t<div class=\"elementor-element elementor-element-28246dd elementor-widget elementor-widget-text-editor\" data-id=\"28246dd\" data-element_type=\"widget\" data-widget_type=\"text-editor.default\">\n\t\t\t\t<div class=\"elementor-widget-container\">\n\t\t\t<style>\/*! elementor - v3.21.0 - 25-04-2024 *\/\n.elementor-widget-text-editor.elementor-drop-cap-view-stacked .elementor-drop-cap{background-color:#69727d;color:#fff}.elementor-widget-text-editor.elementor-drop-cap-view-framed .elementor-drop-cap{color:#69727d;border:3px solid;background-color:transparent}.elementor-widget-text-editor:not(.elementor-drop-cap-view-default) .elementor-drop-cap{margin-top:8px}.elementor-widget-text-editor:not(.elementor-drop-cap-view-default) .elementor-drop-cap-letter{width:1em;height:1em}.elementor-widget-text-editor .elementor-drop-cap{float:left;text-align:center;line-height:1;font-size:50px}.elementor-widget-text-editor .elementor-drop-cap-letter{display:inline-block}<\/style>\t\t\t\t<h3 data-pm-slice=\"1 1 []\">Allgemeine Gesch\u00e4ftsbedingungen (AGB) der Nachtfuchs Design UG (haftungsbeschr\u00e4nkt)<\/h3><h4>1. Geltungsbereich<\/h4><p>1.1 Diese Allgemeinen Gesch\u00e4ftsbedingungen (AGB) gelten f\u00fcr alle Dienstleistungen, die von der Marke Nachtfuchs Design (nachfolgend &#8222;Nachtfuchs Design&#8220;) im Namen der CONFOX DIGITAL LLP erbracht werden.<\/p><p>1.2 Abweichende, entgegenstehende oder erg\u00e4nzende Bedingungen des Kunden werden nur dann Vertragsbestandteil, wenn ihrer Geltung ausdr\u00fccklich zugestimmt wurde.<\/p><p data-pm-slice=\"1 1 []\">1.3 F\u00fcr Kunden mit Sitz in Deutschland gelten diese AGB unter Ber\u00fccksichtigung der zwingenden gesetzlichen Vorschriften des deutschen Rechts.<\/p><h4>2. Vertragsgegenstand<\/h4><p>2.1 Nachtfuchs Design bietet Dienstleistungen im Bereich Branding, Webdesign, Wartung und Support von Websites an. Der genaue Leistungsumfang ergibt sich aus dem jeweiligen Angebot und den mit dem Kunden getroffenen Vereinbarungen.<\/p><h4 data-pm-slice=\"1 1 []\">3. Service- und Wartungskosten<\/h4><p>3.1 Wenn im Angebot Service- und Wartungsleistungen aufgef\u00fchrt und vom Kunden angenommen wurden, gelten die entsprechenden Kosten ab dem Tag des Go-Lives der Website als vereinbart.<\/p><p>3.2 Die Abrechnung der Service- und Wartungskosten erfolgt j\u00e4hrlich jeweils zu Beginn des Kalenderjahres.<\/p><p>3.3 Die Laufzeit der Service- und Wartungsleistungen verl\u00e4ngert sich automatisch um ein weiteres Jahr, sofern der Kunde diese nicht schriftlich mit einer Frist von vier Wochen zum Jahresende k\u00fcndigt.<\/p><h4>4. Vertragslaufzeit und K\u00fcndigung<\/h4><p>4.1 Die Vertragslaufzeit f\u00fcr einmalige Dienstleistungen endet mit der vollst\u00e4ndigen Leistungserbringung.<\/p><p>4.2 Regelm\u00e4\u00dfige Service- und Wartungsleistungen laufen auf unbestimmte Zeit und k\u00f6nnen von beiden Parteien schriftlich gek\u00fcndigt werden.<\/p><p>4.3 Eine fristlose K\u00fcndigung aus wichtigem Grund bleibt unber\u00fchrt. Ein solcher Grund liegt insbesondere vor, wenn der Kunde seinen Zahlungspflichten trotz Mahnung nicht nachkommt.<\/p><h4>5. Zahlungsbedingungen<\/h4><p>5.1 Die vereinbarten Preise sind Nettopreise und verstehen sich zuz\u00fcglich der in dem entsprechenden Land gesetzlichen Mehrwertsteuer.<\/p><p>5.2 Rechnungen sind sofort, maximal innerhalb von 14 Tagen, nach Erhalt ohne Abzug zu zahlen. Bei Zahlungsverzug beh\u00e4lt sich Nachtfuchs Design das Recht vor, Verzugszinsen in gesetzlicher H\u00f6he zu berechnen.<\/p><h4 data-pm-slice=\"1 1 []\">6. Haftung<\/h4><p>6.1 Nachtfuchs Design haftet nur bei Vorsatz oder grober Fahrl\u00e4ssigkeit. Bei einfacher Fahrl\u00e4ssigkeit haftet Nachtfuchs Design nur bei Verletzung wesentlicher Vertragspflichten (Kardinalpflichten).<\/p><p>6.2 Die Haftung ist der H\u00f6he nach auf den vorhersehbaren, typischerweise eintretenden Schaden begrenzt.<\/p><h4>7. Geistiges Eigentum<\/h4><p>7.1 Alle Rechte an den im Rahmen des Vertrages erstellten Designs und technischen L\u00f6sungen verbleiben bei Nachtfuchs Design, bis der Kunde die vereinbarte Verg\u00fctung vollst\u00e4ndig entrichtet hat. F\u00fcr Grafikdateien aller Art gilt, dass diese nur modifiziert und \/oder auf anderen Plattformen vom Kunden genutzt und verbreitet werden d\u00fcrfen, wenn eine offizielle \u00dcbertragung der vollst\u00e4ndigen Nutzungslizenzen erfolgt ist.\u00a0<\/p><h4>8. Schlussbestimmungen<\/h4><p data-pm-slice=\"1 1 []\">8.1 Es gilt das Recht der Provinz British Columbia, Kanada. F\u00fcr Kunden in Deutschland gilt zus\u00e4tzlich das deutsche Verbraucherschutzrecht, sofern dieses f\u00fcr den Kunden g\u00fcnstiger ist.<\/p><p data-pm-slice=\"1 1 []\">8.2 Gerichtsstand ist Vancouver, British Columbia, sofern nicht zwingende gesetzliche Vorschriften einen anderen Gerichtsstand vorschreiben.<\/p><p data-pm-slice=\"1 1 []\">8.3 Sollten einzelne Bestimmungen dieser AGB unwirksam sein oder werden, bleibt die Wirksamkeit der \u00fcbrigen Bestimmungen unber\u00fchrt.<\/p><p><strong>Stand:<\/strong> Dezember 2022<\/p>\t\t\t\t\t\t<\/div>\n\t\t\t\t<\/div>\n\t\t\t\t<div class=\"elementor-element elementor-element-591908d elementor-widget elementor-widget-text-editor\" data-id=\"591908d\" data-element_type=\"widget\" data-widget_type=\"text-editor.default\">\n\t\t\t\t<div class=\"elementor-widget-container\">\n\t\t\t\t\t\t\t<p>Art der erhobenen Daten: Bei Ihrem Besuch auf unserer Website werden automatisch allgemeine Informationen erfasst. Diese Informationen (Server-Logfiles) beinhalten unter anderem die Art des Webbrowsers, das verwendete Betriebssystem, den Domainnamen Ihres Internet-Service-Providers und \u00e4hnliche Daten. Diese Daten sind nicht personenbezogen und dienen ausschlie\u00dflich der Gew\u00e4hrleistung eines reibungslosen Verbindungsaufbaus und einer komfortablen Nutzung unserer Website.<\/p><p>Verwendungszweck und Rechtsgrundlage: Die von uns erhobenen personenbezogenen Daten verwenden wir ausschlie\u00dflich zur Beantwortung von Anfragen, zur Abwicklung Ihrer Auftr\u00e4ge oder zur technischen Administration. Die Rechtsgrundlage f\u00fcr die Verarbeitung ergibt sich aus Art. 6 Abs. 1 lit. b und f der Datenschutzgrundverordnung (DSGVO).<\/p><p>Weitergabe von Daten: Eine \u00dcbermittlung Ihrer personenbezogenen Daten an Dritte findet grunds\u00e4tzlich nicht statt, es sei denn, dies ist zur Erf\u00fcllung des Vertragsverh\u00e4ltnisses erforderlich oder Sie haben ausdr\u00fccklich eingewilligt. Eine Weitergabe Ihrer Daten an Dritte zu Werbezwecken erfolgt nicht.<\/p><p>Speicherdauer: Wir speichern personenbezogene Daten nur f\u00fcr den Zeitraum, der zur Erreichung des Speicherungszwecks erforderlich ist oder sofern dies durch den Gesetzgeber vorgesehen wurde. Nach Erf\u00fcllung des Zwecks oder Ablauf der gesetzlichen Aufbewahrungsfristen werden die Daten gel\u00f6scht.<\/p><p>Ihre Rechte: Sie haben das Recht, Auskunft \u00fcber die bei uns zu Ihrer Person gespeicherten Daten zu erhalten sowie deren Berichtigung, L\u00f6schung oder Einschr\u00e4nkung der Verarbeitung zu verlangen. Dar\u00fcber hinaus haben Sie das Recht auf Daten\u00fcbertragbarkeit. Bei Fragen oder Beschwerden zum Thema Datenschutz k\u00f6nnen Sie sich jederzeit an uns wenden. Sie haben auch das Recht, sich bei der zust\u00e4ndigen Datenschutzbeh\u00f6rde zu beschweren.<\/p><p>Einsatz von WP Forms: F\u00fcr unser Kontaktformular verwenden wir das Plugin WP Forms. Die \u00fcber das Kontaktformular eingegebenen Daten werden verschl\u00fcsselt \u00fcbertragen und nur zum Zweck der Bearbeitung Ihrer Anfrage verwendet. Eine Weitergabe an Dritte findet nicht statt.<\/p>\t\t\t\t\t\t<\/div>\n\t\t\t\t<\/div>\n\t\t\t\t\t<\/div>\n\t\t<\/div>\n\t\t\t\t\t<\/div>\n\t\t<\/section>\n\t\t\t\t<\/div>","protected":false},"excerpt":{"rendered":"<p>AGB Allgemeine Gesch\u00e4ftsbedingungen (AGB) der Nachtfuchs Design UG (haftungsbeschr\u00e4nkt) 1. Geltungsbereich 1.1 Diese Allgemeinen Gesch\u00e4ftsbedingungen (AGB) gelten f\u00fcr alle Dienstleistungen, die von der Marke Nachtfuchs Design (nachfolgend &#8222;Nachtfuchs Design&#8220;) im Namen der CONFOX DIGITAL LLP erbracht werden. 1.2 Abweichende, entgegenstehende oder erg\u00e4nzende Bedingungen des Kunden werden nur dann Vertragsbestandteil, wenn ihrer Geltung ausdr\u00fccklich zugestimmt wurde. [&hellip;]<\/p>","protected":false},"author":1,"featured_media":0,"parent":0,"menu_order":0,"comment_status":"closed","ping_status":"closed","template":"elementor_header_footer","meta":{"inline_featured_image":false,"footnotes":""},"class_list":["post-2751","page","type-page","status-publish","hentry"],"_links":{"self":[{"href":"https:\/\/www.nachtfuchs-design.de\/en\/wp-json\/wp\/v2\/pages\/2751","targetHints":{"allow":["GET"]}}],"collection":[{"href":"https:\/\/www.nachtfuchs-design.de\/en\/wp-json\/wp\/v2\/pages"}],"about":[{"href":"https:\/\/www.nachtfuchs-design.de\/en\/wp-json\/wp\/v2\/types\/page"}],"author":[{"embeddable":true,"href":"https:\/\/www.nachtfuchs-design.de\/en\/wp-json\/wp\/v2\/users\/1"}],"replies":[{"embeddable":true,"href":"https:\/\/www.nachtfuchs-design.de\/en\/wp-json\/wp\/v2\/comments?post=2751"}],"version-history":[{"count":4,"href":"https:\/\/www.nachtfuchs-design.de\/en\/wp-json\/wp\/v2\/pages\/2751\/revisions"}],"predecessor-version":[{"id":2757,"href":"https:\/\/www.nachtfuchs-design.de\/en\/wp-json\/wp\/v2\/pages\/2751\/revisions\/2757"}],"wp:attachment":[{"href":"https:\/\/www.nachtfuchs-design.de\/en\/wp-json\/wp\/v2\/media?parent=2751"}],"curies":[{"name":"wp","href":"https:\/\/api.w.org\/{rel}","templated":true}]}}